{"id":1607,"date":"2023-09-10T13:55:04","date_gmt":"2023-09-10T12:55:04","guid":{"rendered":"https:\/\/www.swedensolarsystem.se\/?page_id=1607"},"modified":"2023-09-10T13:55:05","modified_gmt":"2023-09-10T12:55:05","slug":"asteroid-vesta","status":"publish","type":"page","link":"https:\/\/www.swedensolarsystem.se\/en\/asteroid-vesta\/","title":{"rendered":"Asteroid Vesta"},"content":{"rendered":"\n<div class=\"inherit-container-width wp-block-group alignfull has-background is-layout-constrained wp-block-group-is-layout-constrained\" style=\"background-color:#151515\">\n<div class=\"wp-block-media-text has-media-on-the-right is-stacked-on-mobile is-vertically-aligned-center\" style=\"grid-template-columns:auto 45%\"><div class=\"wp-block-media-text__content\">\n<h2 class=\"wp-block-heading has-text-color\" style=\"color:#ffffff\">Asteroid Vesta<\/h2>\n\n\n\n<p>Picture from the inauguration of on Sept. 6, 2017, when the initiator \u00c5ke Dahl\u00f6f (teacher at \u00c5va senior high school) put candles into the sculpture (Vesta was the goddess of the hearth in Roman religion). To the right Peter Varhelyi, who sculpted Vesta.<\/p>\n\n\n\n<p>Below a sketch of the panels forming the base showing antique symbols for Vesta and the Vesta family, a collection of smaller blocks that were ejected from Vesta after a major impact at the southern pole. The model is oblate, about 3 cm across and with a crater landscape on its surface.<\/p>\n<\/div><figure class=\"wp-block-media-text__media\"><img loading=\"lazy\" decoding=\"async\" width=\"683\" height=\"1024\" src=\"https:\/\/www.swedensolarsystem.se\/wp-content\/uploads\/2014\/12\/Vesta4-683x1024.jpg\" alt=\"\" class=\"wp-image-245 size-full\" srcset=\"https:\/\/www.swedensolarsystem.se\/wp-content\/uploads\/2014\/12\/Vesta4-683x1024.jpg 683w, https:\/\/www.swedensolarsystem.se\/wp-content\/uploads\/2014\/12\/Vesta4-200x300.jpg 200w, https:\/\/www.swedensolarsystem.se\/wp-content\/uploads\/2014\/12\/Vesta4-768x1152.jpg 768w, https:\/\/www.swedensolarsystem.se\/wp-content\/uploads\/2014\/12\/Vesta4-1080x1620.jpg 1080w\" sizes=\"auto, (max-width: 683px) 100vw, 683px\" \/><\/figure><\/div>\n\n\n\n<div class=\"wp-block-columns is-layout-flex wp-container-core-columns-is-layout-28f84493 wp-block-columns-is-layout-flex\">\n<div class=\"wp-block-column is-layout-flow wp-block-column-is-layout-flow\">\n<div class=\"wp-block-columns is-layout-flex wp-container-core-columns-is-layout-28f84493 wp-block-columns-is-layout-flex\">\n<div class=\"wp-block-column is-layout-flow wp-block-column-is-layout-flow\">\n<h4 class=\"wp-block-heading\">Facts<\/h4>\n\n\n\n<p>Diameter: oval, ca 3 cm<br>Distance from Globen: 17 km<\/p>\n<\/div>\n\n\n\n<div class=\"wp-block-column is-layout-flow wp-block-column-is-layout-flow\">\n<h4 class=\"wp-block-heading\"><\/h4>\n\n\n\n<p><\/p>\n<\/div>\n<\/div>\n<\/div>\n\n\n\n<div class=\"wp-block-column is-layout-flow wp-block-column-is-layout-flow\">\t\t\t<div \n\t\t\tclass=\"wp-block-uagb-google-map uagb-google-map__wrap uagb-block-a2277c35     \"\n\t\t\tstyle=\"\" >\n\t\t\t\t<embed\n\t\t\t\t\tclass=\"uagb-google-map__iframe\"\n\t\t\t\t\ttitle=\"Google Map for \"\n\t\t\t\t\tsrc=\"https:\/\/maps.google.com\/maps?q=%C3%85va%20skolgr%C3%A4nd%201-3%2C%20T%C3%A4by&#038;z=12&#038;hl=en&#038;t=m&#038;output=embed&#038;iwloc=near\"\n\t\t\t\t\twidth=\"640\"\n\t\t\t\t\theight=\"300\"\n\t\t\t\t\tloading=\"lazy\"\n\t\t\t\t><\/embed>\n\t\t\t<\/div>\n\t\t\t<\/div>\n<\/div>\n\n\n\n<figure class=\"wp-block-image size-large\"><img loading=\"lazy\" decoding=\"async\" width=\"1024\" height=\"553\" src=\"https:\/\/www.swedensolarsystem.se\/wp-content\/uploads\/2014\/12\/Vesta2-1024x553.jpg\" alt=\"\" class=\"wp-image-252\" srcset=\"https:\/\/www.swedensolarsystem.se\/wp-content\/uploads\/2014\/12\/Vesta2-1024x553.jpg 1024w, https:\/\/www.swedensolarsystem.se\/wp-content\/uploads\/2014\/12\/Vesta2-300x162.jpg 300w, https:\/\/www.swedensolarsystem.se\/wp-content\/uploads\/2014\/12\/Vesta2-768x415.jpg 768w, https:\/\/www.swedensolarsystem.se\/wp-content\/uploads\/2014\/12\/Vesta2-1080x583.jpg 1080w\" sizes=\"auto, (max-width: 1024px) 100vw, 1024px\" \/><\/figure>\n<\/div>\n","protected":false},"excerpt":{"rendered":"<p>Asteroid Vesta Picture from the inauguration of on Sept. 6, 2017, when the initiator \u00c5ke Dahl\u00f6f (teacher at \u00c5va senior high school) put candles into the sculpture (Vesta was the goddess of the hearth in Roman religion). To the right Peter Varhelyi, who sculpted Vesta. Below a sketch of the panels forming the base showing [&hellip;]<\/p>\n","protected":false},"author":10,"featured_media":0,"parent":0,"menu_order":0,"comment_status":"closed","ping_status":"closed","template":"","meta":{"_uag_custom_page_level_css":"","site-sidebar-layout":"default","site-content-layout":"","ast-site-content-layout":"default","site-content-style":"default","site-sidebar-style":"default","ast-global-header-display":"","ast-banner-title-visibility":"","ast-main-header-display":"","ast-hfb-above-header-display":"","ast-hfb-below-header-display":"","ast-hfb-mobile-header-display":"","site-post-title":"disabled","ast-breadcrumbs-content":"","ast-featured-img":"","footer-sml-layout":"","ast-disable-related-posts":"","theme-transparent-header-meta":"","adv-header-id-meta":"","stick-header-meta":"","header-above-stick-meta":"","header-main-stick-meta":"","header-below-stick-meta":"","astra-migrate-meta-layouts":"set","ast-page-background-enabled":"default","ast-page-background-meta":{"desktop":{"background-color":"","background-image":"","background-repeat":"repeat","background-position":"center center","background-size":"auto","background-attachment":"scroll","background-type":"","background-media":"","overlay-type":"","overlay-color":"","overlay-opacity":"","overlay-gradient":""},"tablet":{"background-color":"","background-image":"","background-repeat":"repeat","background-position":"center center","background-size":"auto","background-attachment":"scroll","background-type":"","background-media":"","overlay-type":"","overlay-color":"","overlay-opacity":"","overlay-gradient":""},"mobile":{"background-color":"","background-image":"","background-repeat":"repeat","background-position":"center center","background-size":"auto","background-attachment":"scroll","background-type":"","background-media":"","overlay-type":"","overlay-color":"","overlay-opacity":"","overlay-gradient":""}},"ast-content-background-meta":{"desktop":{"background-color":"var(--ast-global-color-5)","background-image":"","background-repeat":"repeat","background-position":"center center","background-size":"auto","background-attachment":"scroll","background-type":"","background-media":"","overlay-type":"","overlay-color":"","overlay-opacity":"","overlay-gradient":""},"tablet":{"background-color":"var(--ast-global-color-5)","background-image":"","background-repeat":"repeat","background-position":"center center","background-size":"auto","background-attachment":"scroll","background-type":"","background-media":"","overlay-type":"","overlay-color":"","overlay-opacity":"","overlay-gradient":""},"mobile":{"background-color":"var(--ast-global-color-5)","background-image":"","background-repeat":"repeat","background-position":"center center","background-size":"auto","background-attachment":"scroll","background-type":"","background-media":"","overlay-type":"","overlay-color":"","overlay-opacity":"","overlay-gradient":""}},"footnotes":""},"class_list":["post-1607","page","type-page","status-publish","hentry"],"spectra_custom_meta":{"_edit_lock":["1696000522:10"],"_wpml_word_count":["{\"total\":0,\"to_translate\":{\"en\":111,\"sv\":111}}"],"footnotes":[""],"_uag_custom_page_level_css":[""],"ast-site-content-layout":["default"],"site-post-title":["disabled"],"theme-transparent-header-meta":[""],"adv-header-id-meta":[""],"stick-header-meta":[""],"astra-migrate-meta-layouts":["set"],"_edit_last":["10"],"_wp_page_template":[""],"_wpml_media_duplicate":["1"],"_wpml_media_featured":["1"],"_uag_css_file_name":["uag-css-1607.css"],"_uag_page_assets":["a:9:{s:3:\"css\";s:680:\".uagb-google-map__wrap{display:flex}.uagb-google-map__wrap .uagb-google-map__iframe{width:100%;box-shadow:none;border:none;padding:0;margin:0}\n .uagb-block-a2277c35 .uagb-google-map__iframe{height: 300px;}@media only screen and (max-width: 976px) { .uagb-block-a2277c35 .uagb-google-map__iframe{height: 300px;}}@media only screen and (max-width: 767px) { .uagb-block-a2277c35 .uagb-google-map__iframe{height: 300px;}}.uag-blocks-common-selector{z-index:var(--z-index-desktop) !important}@media (max-width: 976px){.uag-blocks-common-selector{z-index:var(--z-index-tablet) !important}}@media (max-width: 767px){.uag-blocks-common-selector{z-index:var(--z-index-mobile) !important}}\n\";s:2:\"js\";s:0:\"\";s:18:\"current_block_list\";a:8:{i:0;s:10:\"core\/group\";i:1;s:15:\"core\/media-text\";i:2;s:12:\"core\/heading\";i:3;s:14:\"core\/paragraph\";i:4;s:12:\"core\/columns\";i:5;s:11:\"core\/column\";i:7;s:15:\"uagb\/google-map\";i:8;s:10:\"core\/image\";}s:8:\"uag_flag\";b:1;s:11:\"uag_version\";s:10:\"1775738727\";s:6:\"gfonts\";a:0:{}s:10:\"gfonts_url\";s:0:\"\";s:12:\"gfonts_files\";a:0:{}s:14:\"uag_faq_layout\";b:0;}"]},"uagb_featured_image_src":{"full":false,"thumbnail":false,"medium":false,"medium_large":false,"large":false,"1536x1536":false,"2048x2048":false},"uagb_author_info":{"display_name":"Cornelia Ekvall","author_link":"https:\/\/www.swedensolarsystem.se\/en\/author\/cornelia\/"},"uagb_comment_info":0,"uagb_excerpt":"Asteroid Vesta Picture from the inauguration of on Sept. 6, 2017, when the initiator \u00c5ke Dahl\u00f6f (teacher at \u00c5va senior high school) put candles into the sculpture (Vesta was the goddess of the hearth in Roman religion). To the right Peter Varhelyi, who sculpted Vesta. Below a sketch of the panels forming the base showing&hellip;","_links":{"self":[{"href":"https:\/\/www.swedensolarsystem.se\/en\/wp-json\/wp\/v2\/pages\/1607","targetHints":{"allow":["GET"]}}],"collection":[{"href":"https:\/\/www.swedensolarsystem.se\/en\/wp-json\/wp\/v2\/pages"}],"about":[{"href":"https:\/\/www.swedensolarsystem.se\/en\/wp-json\/wp\/v2\/types\/page"}],"author":[{"embeddable":true,"href":"https:\/\/www.swedensolarsystem.se\/en\/wp-json\/wp\/v2\/users\/10"}],"replies":[{"embeddable":true,"href":"https:\/\/www.swedensolarsystem.se\/en\/wp-json\/wp\/v2\/comments?post=1607"}],"version-history":[{"count":1,"href":"https:\/\/www.swedensolarsystem.se\/en\/wp-json\/wp\/v2\/pages\/1607\/revisions"}],"predecessor-version":[{"id":1610,"href":"https:\/\/www.swedensolarsystem.se\/en\/wp-json\/wp\/v2\/pages\/1607\/revisions\/1610"}],"wp:attachment":[{"href":"https:\/\/www.swedensolarsystem.se\/en\/wp-json\/wp\/v2\/media?parent=1607"}],"curies":[{"name":"wp","href":"https:\/\/api.w.org\/{rel}","templated":true}]}}