{"id":1816,"date":"2023-09-29T16:09:10","date_gmt":"2023-09-29T15:09:10","guid":{"rendered":"https:\/\/www.swedensolarsystem.se\/?page_id=1816"},"modified":"2023-09-29T16:11:51","modified_gmt":"2023-09-29T15:11:51","slug":"uranus","status":"publish","type":"page","link":"https:\/\/www.swedensolarsystem.se\/en\/uranus\/","title":{"rendered":"Uranus"},"content":{"rendered":"\n<div class=\"inherit-container-width wp-block-group alignfull has-background is-layout-constrained wp-block-group-is-layout-constrained\" style=\"background-color:#151515\">\n<div class=\"wp-block-media-text has-media-on-the-right is-stacked-on-mobile is-vertically-aligned-center\" style=\"grid-template-columns:auto 45%\"><div class=\"wp-block-media-text__content\">\n<h2 class=\"wp-block-heading has-text-color\" style=\"color:#ffffff\">Uranus<\/h2>\n\n\n\n<p>A symbolic and playful outdoor model of Uranus was inaugurated in Oct 2012 (see picture) in L\u00f6vstabruk south of G\u00e4vle. The model was built in steel by Forsmark Mechanical Workshop at the Forsmark nuclear plant located close to L\u00f6vstabruk, and where the element Uranium plays an important role. The unusual tilt of Uranus\u2019 axis is marked.<\/p>\n\n\n\n<p>Credit: Hans M\u00fchlen<\/p>\n<\/div><figure class=\"wp-block-media-text__media\"><img loading=\"lazy\" decoding=\"async\" width=\"465\" height=\"349\" src=\"https:\/\/www.swedensolarsystem.se\/wp-content\/uploads\/2014\/12\/uranus.png\" alt=\"\" class=\"wp-image-94 size-full\" srcset=\"https:\/\/www.swedensolarsystem.se\/wp-content\/uploads\/2014\/12\/uranus.png 465w, https:\/\/www.swedensolarsystem.se\/wp-content\/uploads\/2014\/12\/uranus-300x225.png 300w\" sizes=\"auto, (max-width: 465px) 100vw, 465px\" \/><\/figure><\/div>\n\n\n\n<div class=\"wp-block-columns is-layout-flex wp-container-core-columns-is-layout-28f84493 wp-block-columns-is-layout-flex\">\n<div class=\"wp-block-column is-layout-flow wp-block-column-is-layout-flow\">\n<div class=\"wp-block-columns is-layout-flex wp-container-core-columns-is-layout-28f84493 wp-block-columns-is-layout-flex\">\n<div class=\"wp-block-column is-layout-flow wp-block-column-is-layout-flow\">\n<h4 class=\"wp-block-heading\">Facts<\/h4>\n\n\n\n<p><em><small>L\u00f6vstabruk<\/small><\/em><br><small>Diameter: 2,6 m<\/small><br><small>Distance from Globen: 1<\/small>46 km<\/p>\n<\/div>\n\n\n\n<div class=\"wp-block-column is-layout-flow wp-block-column-is-layout-flow\">\n<h4 class=\"wp-block-heading\"><\/h4>\n\n\n\n<p><\/p>\n<\/div>\n<\/div>\n<\/div>\n\n\n\n<div class=\"wp-block-column is-layout-flow wp-block-column-is-layout-flow\">\t\t\t<div \n\t\t\tclass=\"wp-block-uagb-google-map uagb-google-map__wrap uagb-block-240888b5     \"\n\t\t\tstyle=\"\" >\n\t\t\t\t<embed\n\t\t\t\t\tclass=\"uagb-google-map__iframe\"\n\t\t\t\t\ttitle=\"Google Map for \"\n\t\t\t\t\tsrc=\"https:\/\/maps.google.com\/maps?q=L%C3%B6vstabruk&#038;z=12&#038;hl=en&#038;t=m&#038;output=embed&#038;iwloc=near\"\n\t\t\t\t\twidth=\"640\"\n\t\t\t\t\theight=\"300\"\n\t\t\t\t\tloading=\"lazy\"\n\t\t\t\t><\/embed>\n\t\t\t<\/div>\n\t\t\t<\/div>\n<\/div>\n<\/div>\n","protected":false},"excerpt":{"rendered":"<p>Uranus A symbolic and playful outdoor model of Uranus was inaugurated in Oct 2012 (see picture) in L\u00f6vstabruk south of G\u00e4vle. The model was built in steel by Forsmark Mechanical Workshop at the Forsmark nuclear plant located close to L\u00f6vstabruk, and where the element Uranium plays an important role. The unusual tilt of Uranus\u2019 axis [&hellip;]<\/p>\n","protected":false},"author":10,"featured_media":0,"parent":0,"menu_order":0,"comment_status":"closed","ping_status":"closed","template":"","meta":{"_uag_custom_page_level_css":"","site-sidebar-layout":"default","site-content-layout":"","ast-site-content-layout":"default","site-content-style":"default","site-sidebar-style":"default","ast-global-header-display":"","ast-banner-title-visibility":"","ast-main-header-display":"","ast-hfb-above-header-display":"","ast-hfb-below-header-display":"","ast-hfb-mobile-header-display":"","site-post-title":"","ast-breadcrumbs-content":"","ast-featured-img":"","footer-sml-layout":"","ast-disable-related-posts":"","theme-transparent-header-meta":"","adv-header-id-meta":"","stick-header-meta":"","header-above-stick-meta":"","header-main-stick-meta":"","header-below-stick-meta":"","astra-migrate-meta-layouts":"set","ast-page-background-enabled":"default","ast-page-background-meta":{"desktop":{"background-color":"","background-image":"","background-repeat":"repeat","background-position":"center center","background-size":"auto","background-attachment":"scroll","background-type":"","background-media":"","overlay-type":"","overlay-color":"","overlay-opacity":"","overlay-gradient":""},"tablet":{"background-color":"","background-image":"","background-repeat":"repeat","background-position":"center center","background-size":"auto","background-attachment":"scroll","background-type":"","background-media":"","overlay-type":"","overlay-color":"","overlay-opacity":"","overlay-gradient":""},"mobile":{"background-color":"","background-image":"","background-repeat":"repeat","background-position":"center center","background-size":"auto","background-attachment":"scroll","background-type":"","background-media":"","overlay-type":"","overlay-color":"","overlay-opacity":"","overlay-gradient":""}},"ast-content-background-meta":{"desktop":{"background-color":"var(--ast-global-color-5)","background-image":"","background-repeat":"repeat","background-position":"center center","background-size":"auto","background-attachment":"scroll","background-type":"","background-media":"","overlay-type":"","overlay-color":"","overlay-opacity":"","overlay-gradient":""},"tablet":{"background-color":"var(--ast-global-color-5)","background-image":"","background-repeat":"repeat","background-position":"center center","background-size":"auto","background-attachment":"scroll","background-type":"","background-media":"","overlay-type":"","overlay-color":"","overlay-opacity":"","overlay-gradient":""},"mobile":{"background-color":"var(--ast-global-color-5)","background-image":"","background-repeat":"repeat","background-position":"center center","background-size":"auto","background-attachment":"scroll","background-type":"","background-media":"","overlay-type":"","overlay-color":"","overlay-opacity":"","overlay-gradient":""}},"footnotes":""},"class_list":["post-1816","page","type-page","status-publish","hentry"],"spectra_custom_meta":{"_edit_lock":["1696000311:10"],"_wpml_word_count":["{\"total\":0,\"to_translate\":{\"en\":71,\"sv\":71}}"],"footnotes":[""],"_uag_custom_page_level_css":[""],"ast-site-content-layout":["default"],"astra-migrate-meta-layouts":["set"],"_edit_last":["10"],"_wp_page_template":[""],"_wpml_media_duplicate":["1"],"_wpml_media_featured":["1"],"_uag_css_file_name":["uag-css-1816.css"],"_uag_page_assets":["a:9:{s:3:\"css\";s:680:\".uagb-google-map__wrap{display:flex}.uagb-google-map__wrap .uagb-google-map__iframe{width:100%;box-shadow:none;border:none;padding:0;margin:0}\n .uagb-block-240888b5 .uagb-google-map__iframe{height: 300px;}@media only screen and (max-width: 976px) { .uagb-block-240888b5 .uagb-google-map__iframe{height: 300px;}}@media only screen and (max-width: 767px) { .uagb-block-240888b5 .uagb-google-map__iframe{height: 300px;}}.uag-blocks-common-selector{z-index:var(--z-index-desktop) !important}@media (max-width: 976px){.uag-blocks-common-selector{z-index:var(--z-index-tablet) !important}}@media (max-width: 767px){.uag-blocks-common-selector{z-index:var(--z-index-mobile) !important}}\n\";s:2:\"js\";s:0:\"\";s:18:\"current_block_list\";a:8:{i:0;s:10:\"core\/group\";i:1;s:15:\"core\/media-text\";i:2;s:12:\"core\/heading\";i:3;s:14:\"core\/paragraph\";i:4;s:12:\"core\/columns\";i:5;s:11:\"core\/column\";i:7;s:15:\"uagb\/google-map\";i:8;s:10:\"core\/image\";}s:8:\"uag_flag\";b:1;s:11:\"uag_version\";s:10:\"1775738727\";s:6:\"gfonts\";a:0:{}s:10:\"gfonts_url\";s:0:\"\";s:12:\"gfonts_files\";a:0:{}s:14:\"uag_faq_layout\";b:0;}"]},"uagb_featured_image_src":{"full":false,"thumbnail":false,"medium":false,"medium_large":false,"large":false,"1536x1536":false,"2048x2048":false},"uagb_author_info":{"display_name":"Cornelia Ekvall","author_link":"https:\/\/www.swedensolarsystem.se\/en\/author\/cornelia\/"},"uagb_comment_info":0,"uagb_excerpt":"Uranus A symbolic and playful outdoor model of Uranus was inaugurated in Oct 2012 (see picture) in L\u00f6vstabruk south of G\u00e4vle. The model was built in steel by Forsmark Mechanical Workshop at the Forsmark nuclear plant located close to L\u00f6vstabruk, and where the element Uranium plays an important role. The unusual tilt of Uranus\u2019 axis&hellip;","_links":{"self":[{"href":"https:\/\/www.swedensolarsystem.se\/en\/wp-json\/wp\/v2\/pages\/1816","targetHints":{"allow":["GET"]}}],"collection":[{"href":"https:\/\/www.swedensolarsystem.se\/en\/wp-json\/wp\/v2\/pages"}],"about":[{"href":"https:\/\/www.swedensolarsystem.se\/en\/wp-json\/wp\/v2\/types\/page"}],"author":[{"embeddable":true,"href":"https:\/\/www.swedensolarsystem.se\/en\/wp-json\/wp\/v2\/users\/10"}],"replies":[{"embeddable":true,"href":"https:\/\/www.swedensolarsystem.se\/en\/wp-json\/wp\/v2\/comments?post=1816"}],"version-history":[{"count":2,"href":"https:\/\/www.swedensolarsystem.se\/en\/wp-json\/wp\/v2\/pages\/1816\/revisions"}],"predecessor-version":[{"id":1820,"href":"https:\/\/www.swedensolarsystem.se\/en\/wp-json\/wp\/v2\/pages\/1816\/revisions\/1820"}],"wp:attachment":[{"href":"https:\/\/www.swedensolarsystem.se\/en\/wp-json\/wp\/v2\/media?parent=1816"}],"curies":[{"name":"wp","href":"https:\/\/api.w.org\/{rel}","templated":true}]}}