{"id":57,"date":"2014-12-07T10:29:09","date_gmt":"2014-12-07T10:29:09","guid":{"rendered":"http:\/\/www.swedensolarsystem.se\/?page_id=57"},"modified":"2021-03-23T10:56:48","modified_gmt":"2021-03-23T10:56:48","slug":"directions-map","status":"publish","type":"page","link":"https:\/\/www.swedensolarsystem.se\/en\/directions-map\/","title":{"rendered":"Directions and map"},"content":{"rendered":"<h2><\/h2>\n<p><img loading=\"lazy\" decoding=\"async\" class=\"details-image\" draggable=\"false\" src=\"https:\/\/www.swedensolarsystem.se\/wp-content\/uploads\/2019\/10\/map2019-1-724x1024.jpg\" alt=\"\" width=\"420\" height=\"594\" \/><\/p>\n<h2>The Sun &#8211; Ericsson Globe Arena<\/h2>\n<p>Address: Ericsson Globe, Globentorget 2, Stockholm &#8211; Globen.<br \/>\nHow to get there: Take the subway in Stockholm to Gullmarsplan. From there you have five minutes walk to the Stockholm Globe Arena which is the model of the Sun. A sign with information about SSS, the sun and the Globe is found behind the entrance to Sky View: take right towards the restuarant.<\/p>\n<h2>Mercury &#8211; Stockholm Town Museum (Stockholms Stadsmuseum)<\/h2>\n<p>Address: Ryssg\u00e5rden, Slussen, Stockholm<br \/>\nHow to get there: Take the subway in Stockholm to Slussen. Cross the square towards the left, and walk down to the entrance of Stockholm Town Museum (Stockholms Stadsmuseum).<\/p>\n<p>OBS: During the constructions in the Slussen area, the model is stored in the City Museum until end of 2018.<\/p>\n<h2>Venus &#8211; Vetenskapens Hus<\/h2>\n<p>Address: Vetenskapens Hus (House of Science), Roslagstullsbacken 21<\/p>\n<h2>Earth and the Moon &#8211; Cosmonova and the National Museum of Natural History (Naturhistoriska Riksmuseet)<\/h2>\n<p>Address: Frescativ\u00e4gen 40, Stockholm<br \/>\nHow to get there: Take the subway in Stockholm to Universitetet, where signs show directions to Cosmonova and Naturhistoriska Riksmuseet, 5-10 minutes walk. The model of the Earth is located in the ticket hall. The model of our Moon is attached to a pillar in the ticket hall just outside the entrance to Cosmonova.<\/p>\n<h2>Mars &#8211; M\u00f6rby Centrum<\/h2>\n<p>Address: M\u00f6rby Centrum, Danderyd<br \/>\nHow to get there: Take the subway in Stockholm to M\u00f6rby Centrum and enter the shopping centre. The model is at the entrance to \u00c5hlens on the first floor.<\/p>\n<h2>Jupiter &#8211; Arlanda Airport<\/h2>\n<p>From Sky City, between terminal 5 and 4, a corridor is leading to the reception and conference center of <a href=\"https:\/\/www.nordicchoicehotels.se\/hotell\/sverige\/stockholm-arlanda-airport\/clarion-hotel-arlanda-airport\/\">Hotel Clarion<\/a> (direction south). The moons are found along this corridor, and at the end there is an escalator to the southern entr\u00e9 over which Jupiter is flying:<\/p>\n<p>Address: Hotel Clarion, Arlanda Airport<br \/>\nHow to get there: Train or Bus<\/p>\n<h2>Saturn &#8211; Uppsala<\/h2>\n<p>A preliminary presentation of Saturn&#8217;s moon Titan is found at Svartb\u00e4cksgatan at the Celsius Square.<\/p>\n<h2>Uranus &#8211; L\u00f6vstabruk<\/h2>\n<p>Address: Central town at the &#8220;Stora magasinet&#8221;.<\/p>\n<h2>Neptune &#8211; S\u00f6derhamn<\/h2>\n<p>Address: S\u00f6derhamn, H\u00e4lsingland<br \/>\nHow to get there: In the city centre, close to the public library and the canal, you find the park &#8220;Strykj\u00e4rnsparken&#8221; with the model of Neptune. After dark the sphere (weighing 3 tons!) is illuminated from inside.<\/p>\n<h2>Pluto &#8211; Delsbo<\/h2>\n<p>Address: Delsbo, H\u00e4lsingland<br \/>\nHow to get there: The model of Pluto and its satellite Charon is in a park close to &#8220;Staffansg\u00e5rden&#8221; in the centre of Delsbo.<\/p>\n<h2>Asteroid Eros &#8211; M\u00f6rbyskolan<\/h2>\n<p>Address: Vendev\u00e4gen 94, Danderyd<br \/>\nHow to get there: Subway to Danderyd Sjukhus. Follow the signs and walk through the passage under the freeway.<\/p>\n<h2>Asteroid Saltis &#8211; Saltsj\u00f6baden<\/h2>\n<p>Address: Kunskapsskolan, Observatoriebacken, Saltsj\u00f6baden.<br \/>\nHow to get there: Take the train from Slussen to the end station Saltsj\u00f6baden. Walk along the waterside to the road that leads uphill to Kunskapsskolan (about 10 min. walk). The model is outside the entrance of the second house to the left after passing the gates.<\/p>\n<h2>Asteroid Vesta &#8211; T\u00e4by<\/h2>\n<p>Address: \u00c5va skolgr\u00e4nd 1 &#8211; 3, T\u00e4by.<br \/>\nHow to get there: Train Roslagsbanan (from Station East) to Tibble Station. From T\u00e4by Centre it is less than 10 minutes walk.<\/p>\n<h2>Asteroid 5025 PL &#8211; Knivsta<\/h2>\n<p>Address: Margarethaskolan, Knivsta.<br \/>\nHow to get there: The relief made by Eric St\u00e5hl, with the position of 5025 PL marked, is attached to the wall of a small building to the right on the entrance road to Margarethaskolan.<\/p>\n<h2>Dwarf planet Haumea<\/h2>\n<p>2047 Science Center, Jussi Bj\u00f6rlings v\u00e4g 25, Borl\u00e4nge.<\/p>\n<h2>Transneptunian Quaoar<\/h2>\n<p>Transneptunian Quaoar &#8211; Gislaved&#8217;s library<\/p>\n<p>Adress: Gislegatan 5<br \/>\nV\u00e4gbeskrivning: The library is in central Gislaved and the model is at a window on the second floor.<\/p>\n<h2>Transneptunian Ixion &#8211; H\u00e4rn\u00f6sand<\/h2>\n<p>Address: Technichus, Storgatan 11, 871 31 H\u00e4rn\u00f6sand<br \/>\nHow to get there: The model is located in the science centre Technichus in H\u00e4rn\u00f6sand, north of Delsbo (Pluto).<\/p>\n<h2>Celestial body &#8216;Oumuamua<\/h2>\n<p>Adress: Pl\u00f6nninge village<br \/>\nHow to get there: See: http:\/\/www.hastro.se\/?page_id=75<\/p>\n<h2>Transneptunian Eris &#8211; Ume\u00e5<\/h2>\n<p>Address: Curiosum, \u00d6stra Strandgatan 32, Ume\u00e5<br \/>\n(https:\/\/curiosum.umu.se)<\/p>\n<h2>Transneptunian Sedna &#8211; Lule\u00e5<\/h2>\n<p>Address: Teknikens hus, Lule\u00e5.<br \/>\nHow to get there: Local bus no. 4 or 5 from the centre of Lule\u00e5, stop A. By car, from E4 turn direction Lule\u00e5. Follow signs &#8220;Universitetet&#8221; and &#8220;Teknikens hus&#8221;. The model is located in a park just outside the southern wall of this science centre (www.teknikenshus.se).<\/p>\n<h2>Comet Halley &#8211; Sk\u00f6vde<\/h2>\n<p>Address: Kavelbrov\u00e4gen 2B, Sk\u00f6vde.<br \/>\nHow to get there: The science centre Balthazar (see: www.balthazar.skovde.se) is close to the central railway station in Sk\u00f6vde. Three outdoor models of the comet are on the wall at the main entrance to the science centre Balthazar and in addition there is one indoor model.<\/p>\n<h2>Comet Swift-Tuttle &#8211; Karlshamn<\/h2>\n<p>Address: Karlshamn, Blekinge<br \/>\nHow to get there: The model of comet Swift-Tuttle is at the very south of Sweden, inside the science centre Kreativum (see www.kreativum.se) just outside the central part of Karlshamn.<\/p>\n<h2>Termination shock &#8211; Kiruna<\/h2>\n<p>Address: Space Campus, Kiruna<br \/>\nHow to get there: Six kilometres before you reach Kiruna on the E10 highway (shortly after the turn-off to Jukkasj\u00e4rvi) one turns left to the Space Campus (signposted &#8220;Rymdcampus&#8221;). There is a board informing about the Termination Shock in front of the entrance to the Swedish Institute of Space Physics.<\/p>\n","protected":false},"excerpt":{"rendered":"<p>The Sun &#8211; Ericsson Globe Arena Address: Ericsson Globe, Globentorget 2, Stockholm &#8211; Globen. How to get there: Take the subway in Stockholm to Gullmarsplan. From there you have five minutes walk to the Stockholm Globe Arena which is the model of the Sun. A sign with information about SSS, the sun and the Globe [&hellip;]<\/p>\n","protected":false},"author":2,"featured_media":0,"parent":0,"menu_order":0,"comment_status":"closed","ping_status":"closed","template":"","meta":{"_uag_custom_page_level_css":"","site-sidebar-layout":"default","site-content-layout":"","ast-site-content-layout":"default","site-content-style":"default","site-sidebar-style":"default","ast-global-header-display":"","ast-banner-title-visibility":"","ast-main-header-display":"","ast-hfb-above-header-display":"","ast-hfb-below-header-display":"","ast-hfb-mobile-header-display":"","site-post-title":"","ast-breadcrumbs-content":"","ast-featured-img":"","footer-sml-layout":"","ast-disable-related-posts":"","theme-transparent-header-meta":"","adv-header-id-meta":"","stick-header-meta":"","header-above-stick-meta":"","header-main-stick-meta":"","header-below-stick-meta":"","astra-migrate-meta-layouts":"default","ast-page-background-enabled":"default","ast-page-background-meta":{"desktop":{"background-color":"","background-image":"","background-repeat":"repeat","background-position":"center center","background-size":"auto","background-attachment":"scroll","background-type":"","background-media":"","overlay-type":"","overlay-color":"","overlay-opacity":"","overlay-gradient":""},"tablet":{"background-color":"","background-image":"","background-repeat":"repeat","background-position":"center center","background-size":"auto","background-attachment":"scroll","background-type":"","background-media":"","overlay-type":"","overlay-color":"","overlay-opacity":"","overlay-gradient":""},"mobile":{"background-color":"","background-image":"","background-repeat":"repeat","background-position":"center center","background-size":"auto","background-attachment":"scroll","background-type":"","background-media":"","overlay-type":"","overlay-color":"","overlay-opacity":"","overlay-gradient":""}},"ast-content-background-meta":{"desktop":{"background-color":"var(--ast-global-color-5)","background-image":"","background-repeat":"repeat","background-position":"center center","background-size":"auto","background-attachment":"scroll","background-type":"","background-media":"","overlay-type":"","overlay-color":"","overlay-opacity":"","overlay-gradient":""},"tablet":{"background-color":"var(--ast-global-color-5)","background-image":"","background-repeat":"repeat","background-position":"center center","background-size":"auto","background-attachment":"scroll","background-type":"","background-media":"","overlay-type":"","overlay-color":"","overlay-opacity":"","overlay-gradient":""},"mobile":{"background-color":"var(--ast-global-color-5)","background-image":"","background-repeat":"repeat","background-position":"center center","background-size":"auto","background-attachment":"scroll","background-type":"","background-media":"","overlay-type":"","overlay-color":"","overlay-opacity":"","overlay-gradient":""}},"footnotes":""},"class_list":["post-57","page","type-page","status-publish","hentry"],"spectra_custom_meta":{"_edit_last":["2"],"_edit_lock":["1725029226:7"],"_wp_page_template":["default"],"_et_pb_page_layout":["et_right_sidebar"],"_et_pb_side_nav":["off"],"_et_pb_use_builder":[""],"_et_pb_old_content":[""],"_et_pb_post_hide_nav":["default"],"_et_pb_ab_stats_refresh_interval":["hourly"],"_et_pb_enable_shortcode_tracking":[""],"_et_pb_custom_css":[""],"_et_builder_version":["BB|Divi|3.23.3"],"_yoast_wpseo_content_score":["90"],"_et_pb_first_image":[""],"_et_pb_truncate_post":[""],"_wpml_media_featured":["1"],"_wpml_media_duplicate":["1"],"_et_dynamic_cached_shortcodes":["a:0:{}"],"et_enqueued_post_fonts":["a:3:{s:6:\"family\";a:1:{s:15:\"et-gf-open-sans\";s:80:\"Open+Sans:300,300italic,regular,italic,600,600italic,700,700italic,800,800italic\";}s:6:\"subset\";a:7:{i:0;s:8:\"cyrillic\";i:1;s:12:\"cyrillic-ext\";i:2;s:5:\"greek\";i:3;s:9:\"greek-ext\";i:4;s:5:\"latin\";i:5;s:9:\"latin-ext\";i:6;s:10:\"vietnamese\";}s:9:\"cache_key\";s:72:\"{\"gph\":-1,\"divi\":\"4.10.5\",\"wp\":\"6.1.1\",\"enable_all_character_sets\":\"on\"}\";}"],"_uag_css_file_name":["uag-css-57.css"],"_uag_page_assets":["a:9:{s:3:\"css\";s:263:\".uag-blocks-common-selector{z-index:var(--z-index-desktop) !important}@media (max-width: 976px){.uag-blocks-common-selector{z-index:var(--z-index-tablet) !important}}@media (max-width: 767px){.uag-blocks-common-selector{z-index:var(--z-index-mobile) !important}}\n\";s:2:\"js\";s:0:\"\";s:18:\"current_block_list\";a:1:{i:0;s:10:\"core\/image\";}s:8:\"uag_flag\";b:0;s:11:\"uag_version\";s:10:\"1775738727\";s:6:\"gfonts\";a:0:{}s:10:\"gfonts_url\";s:0:\"\";s:12:\"gfonts_files\";a:0:{}s:14:\"uag_faq_layout\";b:0;}"]},"uagb_featured_image_src":{"full":false,"thumbnail":false,"medium":false,"medium_large":false,"large":false,"1536x1536":false,"2048x2048":false},"uagb_author_info":{"display_name":"mikael","author_link":"https:\/\/www.swedensolarsystem.se\/en\/author\/mikael\/"},"uagb_comment_info":0,"uagb_excerpt":"The Sun &#8211; Ericsson Globe Arena Address: Ericsson Globe, Globentorget 2, Stockholm &#8211; Globen. How to get there: Take the subway in Stockholm to Gullmarsplan. From there you have five minutes walk to the Stockholm Globe Arena which is the model of the Sun. A sign with information about SSS, the sun and the Globe&hellip;","_links":{"self":[{"href":"https:\/\/www.swedensolarsystem.se\/en\/wp-json\/wp\/v2\/pages\/57","targetHints":{"allow":["GET"]}}],"collection":[{"href":"https:\/\/www.swedensolarsystem.se\/en\/wp-json\/wp\/v2\/pages"}],"about":[{"href":"https:\/\/www.swedensolarsystem.se\/en\/wp-json\/wp\/v2\/types\/page"}],"author":[{"embeddable":true,"href":"https:\/\/www.swedensolarsystem.se\/en\/wp-json\/wp\/v2\/users\/2"}],"replies":[{"embeddable":true,"href":"https:\/\/www.swedensolarsystem.se\/en\/wp-json\/wp\/v2\/comments?post=57"}],"version-history":[{"count":27,"href":"https:\/\/www.swedensolarsystem.se\/en\/wp-json\/wp\/v2\/pages\/57\/revisions"}],"predecessor-version":[{"id":773,"href":"https:\/\/www.swedensolarsystem.se\/en\/wp-json\/wp\/v2\/pages\/57\/revisions\/773"}],"wp:attachment":[{"href":"https:\/\/www.swedensolarsystem.se\/en\/wp-json\/wp\/v2\/media?parent=57"}],"curies":[{"name":"wp","href":"https:\/\/api.w.org\/{rel}","templated":true}]}}